{"id":84,"date":"2021-10-23T21:33:54","date_gmt":"2021-10-23T19:33:54","guid":{"rendered":"https:\/\/abschter-fosenoechter.de\/?page_id=84"},"modified":"2021-10-25T23:09:19","modified_gmt":"2021-10-25T21:09:19","slug":"prinzenpaare","status":"publish","type":"page","link":"https:\/\/abschter-fosenoechter.de\/?page_id=84","title":{"rendered":"Prinzenpaare"},"content":{"rendered":"<p>[et_pb_section fb_built=&#8220;1&#8243; fullwidth=&#8220;on&#8220; _builder_version=&#8220;4.11.3&#8243; _module_preset=&#8220;default&#8220; saved_tabs=&#8220;all&#8220; global_colors_info=&#8220;{}&#8220;][et_pb_fullwidth_header title=&#8220;Prinzenpaare&#8220; subhead=&#8220;Von Anfang bis heute!&#8220; text_orientation=&#8220;center&#8220; _builder_version=&#8220;4.11.3&#8243; _module_preset=&#8220;default&#8220; title_font=&#8220;|700||on|||||&#8220; title_text_align=&#8220;center&#8220; title_text_color=&#8220;#FFFFFF&#8220; content_font=&#8220;|||||on|||&#8220; content_text_align=&#8220;center&#8220; content_text_color=&#8220;#FFFFFF&#8220; subhead_font=&#8220;|700||on|||||&#8220; subhead_text_align=&#8220;center&#8220; subhead_text_color=&#8220;#FFFFFF&#8220; subhead_font_size=&#8220;16px&#8220; global_colors_info=&#8220;{}&#8220;][\/et_pb_fullwidth_header][\/et_pb_section][et_pb_section fb_built=&#8220;1&#8243; _builder_version=&#8220;4.11.3&#8243; _module_preset=&#8220;default&#8220; global_colors_info=&#8220;{}&#8220;][et_pb_row _builder_version=&#8220;4.11.3&#8243; _module_preset=&#8220;default&#8220; global_colors_info=&#8220;{}&#8220;][et_pb_column type=&#8220;4_4&#8243; _builder_version=&#8220;4.11.3&#8243; _module_preset=&#8220;default&#8220; global_colors_info=&#8220;{}&#8220;][et_pb_code _builder_version=&#8220;4.11.3&#8243; _module_preset=&#8220;default&#8220; global_colors_info=&#8220;{}&#8220;]\n<table id=\"tablepress-2\" class=\"tablepress tablepress-id-2\">\n<thead>\n<tr class=\"row-1\">\n\t<th class=\"column-1\">Session<\/th><th class=\"column-2\">Prinzenpaar<\/th>\n<\/tr>\n<\/thead>\n<tbody class=\"row-striping row-hover\">\n<tr class=\"row-2\">\n\t<td class=\"column-1\">2025\/2026<\/td><td class=\"column-2\">Johanna II. und Toni I. - alias Johanna N\u00f6th und Antonio Galvano<\/td>\n<\/tr>\n<tr class=\"row-3\">\n\t<td class=\"column-1\">2024\/2025<\/td><td class=\"column-2\">Eva I. und Sven I. - alias Eva Tramer und Sven K\u00f6hler<\/td>\n<\/tr>\n<tr class=\"row-4\">\n\t<td class=\"column-1\">2023\/2024<\/td><td class=\"column-2\">Lea I. und Manuel I. - alias Lea K\u00f6hler und Manuel Nees<\/td>\n<\/tr>\n<tr class=\"row-5\">\n\t<td class=\"column-1\">2022\/2023<\/td><td class=\"column-2\">Ann-Kathrin I. und Dominik II. - alias Ann-Kathrin und Dominik Blattert<\/td>\n<\/tr>\n<tr class=\"row-6\">\n\t<td class=\"column-1\">2021\/2022<\/td><td class=\"column-2\">- wegen der Corona Pandemie fand in diesem Jahr ein Fasching ohne Prinzenpaar statt -<\/td>\n<\/tr>\n<tr class=\"row-7\">\n\t<td class=\"column-1\">2020\/2021<\/td><td class=\"column-2\">- wegen der Corona Pandemie fand in diesem Jahr kein Fasching statt -<\/td>\n<\/tr>\n<tr class=\"row-8\">\n\t<td class=\"column-1\">2019\/2020<\/td><td class=\"column-2\">Sabrina II. und Johannes I. - alias Sabrina und Johannes Raab<\/td>\n<\/tr>\n<tr class=\"row-9\">\n\t<td class=\"column-1\">2018\/2019<\/td><td class=\"column-2\">Magdalena I. und Julian I. - alias Magdalena Bauer und Julian Hochrein<\/td>\n<\/tr>\n<tr class=\"row-10\">\n\t<td class=\"column-1\">2017\/2018<\/td><td class=\"column-2\">Regina I. und Christian IV. - alias Regina K\u00f6hler und Christian Mai<\/td>\n<\/tr>\n<tr class=\"row-11\">\n\t<td class=\"column-1\">2016\/2017<\/td><td class=\"column-2\">Stefanie I. und Tobias I. - alias Stefanie und Tobias Vogler<\/td>\n<\/tr>\n<tr class=\"row-12\">\n\t<td class=\"column-1\">2015\/2016<\/td><td class=\"column-2\">Sandrine I. und Florian II. - alias Sandrine Wohlfahrt und Florian Dietz<\/td>\n<\/tr>\n<tr class=\"row-13\">\n\t<td class=\"column-1\">2014\/2015<\/td><td class=\"column-2\">Jasmin I. und Sandro I. - alias Jasmin und Sandro Eppler<\/td>\n<\/tr>\n<tr class=\"row-14\">\n\t<td class=\"column-1\">2013\/2014<\/td><td class=\"column-2\">Christine II. und Sebastian I. - alias Christine Moret und Sebastian Blumenr\u00f6der<\/td>\n<\/tr>\n<tr class=\"row-15\">\n\t<td class=\"column-1\">2012\/2013<\/td><td class=\"column-2\">Katharina II. und Jens II. - alias Katharina und Jens Ditterich<\/td>\n<\/tr>\n<tr class=\"row-16\">\n\t<td class=\"column-1\">2011\/2012<\/td><td class=\"column-2\">Tanja I. und Jens I. - alias Tanja Amberger und Jens Nenninger<\/td>\n<\/tr>\n<tr class=\"row-17\">\n\t<td class=\"column-1\">2010\/2011<\/td><td class=\"column-2\">Yvonne I. und Florian I. - alias Yvonne und Florian Absch\u00fctz <\/td>\n<\/tr>\n<tr class=\"row-18\">\n\t<td class=\"column-1\">2009\/2010<\/td><td class=\"column-2\">Katja I. und Andr\u00e9 I. - alias Katja Nenninger und Andr\u00e9 Weigand<\/td>\n<\/tr>\n<tr class=\"row-19\">\n\t<td class=\"column-1\">2008\/2009<\/td><td class=\"column-2\">Linda I. und Jochen I. - alias Linda Palau und Jochen St\u00fcrzel <\/td>\n<\/tr>\n<tr class=\"row-20\">\n\t<td class=\"column-1\">2007\/2008<\/td><td class=\"column-2\">Katharina I. und Christian III. - alias Katharina und Christian Eppler<\/td>\n<\/tr>\n<tr class=\"row-21\">\n\t<td class=\"column-1\">2006\/2007<\/td><td class=\"column-2\">Sabrina I. und Daniel I. - alias Sabrina und Daniel Irrgang<\/td>\n<\/tr>\n<tr class=\"row-22\">\n\t<td class=\"column-1\">2005\/2006<\/td><td class=\"column-2\">Melanie I. und Dominik I. - alias Melanie Schmitt-Markert und Dominik Markert<\/td>\n<\/tr>\n<tr class=\"row-23\">\n\t<td class=\"column-1\">2004\/2005<\/td><td class=\"column-2\">Heike II. und Holger I. - alias Heike und Holger Wachenbr\u00f6nner  <\/td>\n<\/tr>\n<tr class=\"row-24\">\n\t<td class=\"column-1\">2003\/2004<\/td><td class=\"column-2\">Simone II. und Mathias I. - alias Simone und Mathias Hautzinger<\/td>\n<\/tr>\n<tr class=\"row-25\">\n\t<td class=\"column-1\">2002\/2003<\/td><td class=\"column-2\">Nicole I. und Andreas I. - alias Nicole Stengel und Andreas Blumenr\u00f6der<\/td>\n<\/tr>\n<tr class=\"row-26\">\n\t<td class=\"column-1\">2001\/2002<\/td><td class=\"column-2\">Anette I. und Oliver II. - alias Anette und Oliver Absch\u00fctz<\/td>\n<\/tr>\n<tr class=\"row-27\">\n\t<td class=\"column-1\">2000\/2001<\/td><td class=\"column-2\">Christel I. und Heino I. - alias Christel Stumpf und Heino Raab<\/td>\n<\/tr>\n<tr class=\"row-28\">\n\t<td class=\"column-1\">1999\/2000<\/td><td class=\"column-2\">Simone I. und Michael I. - alias Simone und Michael Bohn<\/td>\n<\/tr>\n<tr class=\"row-29\">\n\t<td class=\"column-1\">1998\/1999<\/td><td class=\"column-2\">Sonja I. und Elmar I. - alias Sonja und Elmar Markert  <\/td>\n<\/tr>\n<tr class=\"row-30\">\n\t<td class=\"column-1\">1997\/1998<\/td><td class=\"column-2\">Kerstin II. und Frank I. - alias Kerstin und Frank Nenninger  <\/td>\n<\/tr>\n<tr class=\"row-31\">\n\t<td class=\"column-1\">1996\/1997<\/td><td class=\"column-2\">Heike I. und Uwe I.- alias Heike und Uwe G\u00fcnsch  <\/td>\n<\/tr>\n<tr class=\"row-32\">\n\t<td class=\"column-1\">1995\/1996<\/td><td class=\"column-2\">Brunhilde I. und Horst I. - alias Brunhilde und Horst Heuring <\/td>\n<\/tr>\n<tr class=\"row-33\">\n\t<td class=\"column-1\">1994\/1995<\/td><td class=\"column-2\">Sabine I. und Oliver I. - alias Sabine und Oliver Scheller<\/td>\n<\/tr>\n<tr class=\"row-34\">\n\t<td class=\"column-1\">1993\/1994<\/td><td class=\"column-2\">Kerstin I. und Gerd I. - alias Kerstin und Gerd Sch\u00f6ppach  <\/td>\n<\/tr>\n<tr class=\"row-35\">\n\t<td class=\"column-1\">1992\/1993<\/td><td class=\"column-2\">Birgit I. und Christian II. - alias Birgit und Christian Absch\u00fctz <\/td>\n<\/tr>\n<tr class=\"row-36\">\n\t<td class=\"column-1\">1991\/1992<\/td><td class=\"column-2\">Erika I. und Ewald I. - alias Erika und Ewald Lehnert<\/td>\n<\/tr>\n<tr class=\"row-37\">\n\t<td class=\"column-1\">1990\/1991<\/td><td class=\"column-2\">- wegen des Golfkrieges fand in diesem Jahr kein Fasching statt -<\/td>\n<\/tr>\n<tr class=\"row-38\">\n\t<td class=\"column-1\">1989\/1990<\/td><td class=\"column-2\">Hedi I. und Dieter I. - alias Hedi und Dieter Stumpf  <\/td>\n<\/tr>\n<tr class=\"row-39\">\n\t<td class=\"column-1\">1988\/1989<\/td><td class=\"column-2\">Christine I. und Christian I. - alias Christine und Christian Roth<\/td>\n<\/tr>\n<tr class=\"row-40\">\n\t<td class=\"column-1\">1987\/1988<\/td><td class=\"column-2\">Dagmar I.und Ronald I. - alias Dagmar und Ronald Strehl<\/td>\n<\/tr>\n<tr class=\"row-41\">\n\t<td class=\"column-1\">1986\/1987<\/td><td class=\"column-2\">Hiltrud I. und Bernd I. - alias Hiltrud und Bernd Sch\u00f6ppach<\/td>\n<\/tr>\n<tr class=\"row-42\">\n\t<td class=\"column-1\">1985\/1986<\/td><td class=\"column-2\">Karola I. und Siegfried I. - alias Karola und Siegfried St\u00fcrzel<\/td>\n<\/tr>\n<tr class=\"row-43\">\n\t<td class=\"column-1\">1984\/1985<\/td><td class=\"column-2\">Doris I. und G\u00fcnther I. - alias Doris und G\u00fcnther Absch\u00fctz<\/td>\n<\/tr>\n<tr class=\"row-44\">\n\t<td class=\"column-1\">1983\/1984<\/td><td class=\"column-2\">Johanna I. und Udo I. - alias Johanna und Udo Hey<\/td>\n<\/tr>\n<tr class=\"row-45\">\n\t<td class=\"column-1\">1982\/1983<\/td><td class=\"column-2\">Ulrike I. und Manfred I. - alias Ulrike und Manfred Meister<\/td>\n<\/tr>\n<\/tbody>\n<\/table>\n<!-- #tablepress-2 from cache -->[\/et_pb_code][\/et_pb_column][\/et_pb_row][\/et_pb_section]<\/p>\n","protected":false},"excerpt":{"rendered":"\n<table id=\"tablepress-2-no-2\" class=\"tablepress tablepress-id-2\">\n<thead>\n<tr class=\"row-1\">\n\t<th class=\"column-1\">Session<\/th><th class=\"column-2\">Prinzenpaar<\/th>\n<\/tr>\n<\/thead>\n<tbody class=\"row-striping row-hover\">\n<tr class=\"row-2\">\n\t<td class=\"column-1\">2025\/2026<\/td><td class=\"column-2\">Johanna II. und Toni I. - alias Johanna N\u00f6th und Antonio Galvano<\/td>\n<\/tr>\n<tr class=\"row-3\">\n\t<td class=\"column-1\">2024\/2025<\/td><td class=\"column-2\">Eva I. und Sven I. - alias Eva Tramer und Sven K\u00f6hler<\/td>\n<\/tr>\n<tr class=\"row-4\">\n\t<td class=\"column-1\">2023\/2024<\/td><td class=\"column-2\">Lea I. und Manuel I. - alias Lea K\u00f6hler und Manuel Nees<\/td>\n<\/tr>\n<tr class=\"row-5\">\n\t<td class=\"column-1\">2022\/2023<\/td><td class=\"column-2\">Ann-Kathrin I. und Dominik II. - alias Ann-Kathrin und Dominik Blattert<\/td>\n<\/tr>\n<tr class=\"row-6\">\n\t<td class=\"column-1\">2021\/2022<\/td><td class=\"column-2\">- wegen der Corona Pandemie fand in diesem Jahr ein Fasching ohne Prinzenpaar statt -<\/td>\n<\/tr>\n<tr class=\"row-7\">\n\t<td class=\"column-1\">2020\/2021<\/td><td class=\"column-2\">- wegen der Corona Pandemie fand in diesem Jahr kein Fasching statt -<\/td>\n<\/tr>\n<tr class=\"row-8\">\n\t<td class=\"column-1\">2019\/2020<\/td><td class=\"column-2\">Sabrina II. und Johannes I. - alias Sabrina und Johannes Raab<\/td>\n<\/tr>\n<tr class=\"row-9\">\n\t<td class=\"column-1\">2018\/2019<\/td><td class=\"column-2\">Magdalena I. und Julian I. - alias Magdalena Bauer und Julian Hochrein<\/td>\n<\/tr>\n<tr class=\"row-10\">\n\t<td class=\"column-1\">2017\/2018<\/td><td class=\"column-2\">Regina I. und Christian IV. - alias Regina K\u00f6hler und Christian Mai<\/td>\n<\/tr>\n<tr class=\"row-11\">\n\t<td class=\"column-1\">2016\/2017<\/td><td class=\"column-2\">Stefanie I. und Tobias I. - alias Stefanie und Tobias Vogler<\/td>\n<\/tr>\n<tr class=\"row-12\">\n\t<td class=\"column-1\">2015\/2016<\/td><td class=\"column-2\">Sandrine I. und Florian II. - alias Sandrine Wohlfahrt und Florian Dietz<\/td>\n<\/tr>\n<tr class=\"row-13\">\n\t<td class=\"column-1\">2014\/2015<\/td><td class=\"column-2\">Jasmin I. und Sandro I. - alias Jasmin und Sandro Eppler<\/td>\n<\/tr>\n<tr class=\"row-14\">\n\t<td class=\"column-1\">2013\/2014<\/td><td class=\"column-2\">Christine II. und Sebastian I. - alias Christine Moret und Sebastian Blumenr\u00f6der<\/td>\n<\/tr>\n<tr class=\"row-15\">\n\t<td class=\"column-1\">2012\/2013<\/td><td class=\"column-2\">Katharina II. und Jens II. - alias Katharina und Jens Ditterich<\/td>\n<\/tr>\n<tr class=\"row-16\">\n\t<td class=\"column-1\">2011\/2012<\/td><td class=\"column-2\">Tanja I. und Jens I. - alias Tanja Amberger und Jens Nenninger<\/td>\n<\/tr>\n<tr class=\"row-17\">\n\t<td class=\"column-1\">2010\/2011<\/td><td class=\"column-2\">Yvonne I. und Florian I. - alias Yvonne und Florian Absch\u00fctz <\/td>\n<\/tr>\n<tr class=\"row-18\">\n\t<td class=\"column-1\">2009\/2010<\/td><td class=\"column-2\">Katja I. und Andr\u00e9 I. - alias Katja Nenninger und Andr\u00e9 Weigand<\/td>\n<\/tr>\n<tr class=\"row-19\">\n\t<td class=\"column-1\">2008\/2009<\/td><td class=\"column-2\">Linda I. und Jochen I. - alias Linda Palau und Jochen St\u00fcrzel <\/td>\n<\/tr>\n<tr class=\"row-20\">\n\t<td class=\"column-1\">2007\/2008<\/td><td class=\"column-2\">Katharina I. und Christian III. - alias Katharina und Christian Eppler<\/td>\n<\/tr>\n<tr class=\"row-21\">\n\t<td class=\"column-1\">2006\/2007<\/td><td class=\"column-2\">Sabrina I. und Daniel I. - alias Sabrina und Daniel Irrgang<\/td>\n<\/tr>\n<tr class=\"row-22\">\n\t<td class=\"column-1\">2005\/2006<\/td><td class=\"column-2\">Melanie I. und Dominik I. - alias Melanie Schmitt-Markert und Dominik Markert<\/td>\n<\/tr>\n<tr class=\"row-23\">\n\t<td class=\"column-1\">2004\/2005<\/td><td class=\"column-2\">Heike II. und Holger I. - alias Heike und Holger Wachenbr\u00f6nner  <\/td>\n<\/tr>\n<tr class=\"row-24\">\n\t<td class=\"column-1\">2003\/2004<\/td><td class=\"column-2\">Simone II. und Mathias I. - alias Simone und Mathias Hautzinger<\/td>\n<\/tr>\n<tr class=\"row-25\">\n\t<td class=\"column-1\">2002\/2003<\/td><td class=\"column-2\">Nicole I. und Andreas I. - alias Nicole Stengel und Andreas Blumenr\u00f6der<\/td>\n<\/tr>\n<tr class=\"row-26\">\n\t<td class=\"column-1\">2001\/2002<\/td><td class=\"column-2\">Anette I. und Oliver II. - alias Anette und Oliver Absch\u00fctz<\/td>\n<\/tr>\n<tr class=\"row-27\">\n\t<td class=\"column-1\">2000\/2001<\/td><td class=\"column-2\">Christel I. und Heino I. - alias Christel Stumpf und Heino Raab<\/td>\n<\/tr>\n<tr class=\"row-28\">\n\t<td class=\"column-1\">1999\/2000<\/td><td class=\"column-2\">Simone I. und Michael I. - alias Simone und Michael Bohn<\/td>\n<\/tr>\n<tr class=\"row-29\">\n\t<td class=\"column-1\">1998\/1999<\/td><td class=\"column-2\">Sonja I. und Elmar I. - alias Sonja und Elmar Markert  <\/td>\n<\/tr>\n<tr class=\"row-30\">\n\t<td class=\"column-1\">1997\/1998<\/td><td class=\"column-2\">Kerstin II. und Frank I. - alias Kerstin und Frank Nenninger  <\/td>\n<\/tr>\n<tr class=\"row-31\">\n\t<td class=\"column-1\">1996\/1997<\/td><td class=\"column-2\">Heike I. und Uwe I.- alias Heike und Uwe G\u00fcnsch  <\/td>\n<\/tr>\n<tr class=\"row-32\">\n\t<td class=\"column-1\">1995\/1996<\/td><td class=\"column-2\">Brunhilde I. und Horst I. - alias Brunhilde und Horst Heuring <\/td>\n<\/tr>\n<tr class=\"row-33\">\n\t<td class=\"column-1\">1994\/1995<\/td><td class=\"column-2\">Sabine I. und Oliver I. - alias Sabine und Oliver Scheller<\/td>\n<\/tr>\n<tr class=\"row-34\">\n\t<td class=\"column-1\">1993\/1994<\/td><td class=\"column-2\">Kerstin I. und Gerd I. - alias Kerstin und Gerd Sch\u00f6ppach  <\/td>\n<\/tr>\n<tr class=\"row-35\">\n\t<td class=\"column-1\">1992\/1993<\/td><td class=\"column-2\">Birgit I. und Christian II. - alias Birgit und Christian Absch\u00fctz <\/td>\n<\/tr>\n<tr class=\"row-36\">\n\t<td class=\"column-1\">1991\/1992<\/td><td class=\"column-2\">Erika I. und Ewald I. - alias Erika und Ewald Lehnert<\/td>\n<\/tr>\n<tr class=\"row-37\">\n\t<td class=\"column-1\">1990\/1991<\/td><td class=\"column-2\">- wegen des Golfkrieges fand in diesem Jahr kein Fasching statt -<\/td>\n<\/tr>\n<tr class=\"row-38\">\n\t<td class=\"column-1\">1989\/1990<\/td><td class=\"column-2\">Hedi I. und Dieter I. - alias Hedi und Dieter Stumpf  <\/td>\n<\/tr>\n<tr class=\"row-39\">\n\t<td class=\"column-1\">1988\/1989<\/td><td class=\"column-2\">Christine I. und Christian I. - alias Christine und Christian Roth<\/td>\n<\/tr>\n<tr class=\"row-40\">\n\t<td class=\"column-1\">1987\/1988<\/td><td class=\"column-2\">Dagmar I.und Ronald I. - alias Dagmar und Ronald Strehl<\/td>\n<\/tr>\n<tr class=\"row-41\">\n\t<td class=\"column-1\">1986\/1987<\/td><td class=\"column-2\">Hiltrud I. und Bernd I. - alias Hiltrud und Bernd Sch\u00f6ppach<\/td>\n<\/tr>\n<tr class=\"row-42\">\n\t<td class=\"column-1\">1985\/1986<\/td><td class=\"column-2\">Karola I. und Siegfried I. - alias Karola und Siegfried St\u00fcrzel<\/td>\n<\/tr>\n<tr class=\"row-43\">\n\t<td class=\"column-1\">1984\/1985<\/td><td class=\"column-2\">Doris I. und G\u00fcnther I. - alias Doris und G\u00fcnther Absch\u00fctz<\/td>\n<\/tr>\n<tr class=\"row-44\">\n\t<td class=\"column-1\">1983\/1984<\/td><td class=\"column-2\">Johanna I. und Udo I. - alias Johanna und Udo Hey<\/td>\n<\/tr>\n<tr class=\"row-45\">\n\t<td class=\"column-1\">1982\/1983<\/td><td class=\"column-2\">Ulrike I. und Manfred I. - alias Ulrike und Manfred Meister<\/td>\n<\/tr>\n<\/tbody>\n<\/table>\n\n","protected":false},"author":1,"featured_media":0,"parent":18,"menu_order":0,"comment_status":"closed","ping_status":"closed","template":"","meta":{"_et_pb_use_builder":"on","_et_pb_old_content":"","_et_gb_content_width":"","footnotes":""},"class_list":["post-84","page","type-page","status-publish","hentry"],"_links":{"self":[{"href":"https:\/\/abschter-fosenoechter.de\/index.php?rest_route=\/wp\/v2\/pages\/84","targetHints":{"allow":["GET"]}}],"collection":[{"href":"https:\/\/abschter-fosenoechter.de\/index.php?rest_route=\/wp\/v2\/pages"}],"about":[{"href":"https:\/\/abschter-fosenoechter.de\/index.php?rest_route=\/wp\/v2\/types\/page"}],"author":[{"embeddable":true,"href":"https:\/\/abschter-fosenoechter.de\/index.php?rest_route=\/wp\/v2\/users\/1"}],"replies":[{"embeddable":true,"href":"https:\/\/abschter-fosenoechter.de\/index.php?rest_route=%2Fwp%2Fv2%2Fcomments&post=84"}],"version-history":[{"count":4,"href":"https:\/\/abschter-fosenoechter.de\/index.php?rest_route=\/wp\/v2\/pages\/84\/revisions"}],"predecessor-version":[{"id":167,"href":"https:\/\/abschter-fosenoechter.de\/index.php?rest_route=\/wp\/v2\/pages\/84\/revisions\/167"}],"up":[{"embeddable":true,"href":"https:\/\/abschter-fosenoechter.de\/index.php?rest_route=\/wp\/v2\/pages\/18"}],"wp:attachment":[{"href":"https:\/\/abschter-fosenoechter.de\/index.php?rest_route=%2Fwp%2Fv2%2Fmedia&parent=84"}],"curies":[{"name":"wp","href":"https:\/\/api.w.org\/{rel}","templated":true}]}}