{"id":188,"date":"2021-10-26T08:16:25","date_gmt":"2021-10-26T06:16:25","guid":{"rendered":"https:\/\/abschter-fosenoechter.de\/?page_id=188"},"modified":"2026-01-12T14:55:47","modified_gmt":"2026-01-12T13:55:47","slug":"formulare","status":"publish","type":"page","link":"https:\/\/abschter-fosenoechter.de\/?page_id=188","title":{"rendered":"Downloads"},"content":{"rendered":"<p>[et_pb_section fb_built=&#8220;1&#8243; fullwidth=&#8220;on&#8220; _builder_version=&#8220;4.11.3&#8243; _module_preset=&#8220;default&#8220; saved_tabs=&#8220;all&#8220; global_colors_info=&#8220;{}&#8220;][et_pb_fullwidth_header title=&#8220;Downloads&#8220; text_orientation=&#8220;center&#8220; _builder_version=&#8220;4.11.3&#8243; _module_preset=&#8220;default&#8220; title_font=&#8220;|700||on|||||&#8220; title_text_align=&#8220;center&#8220; title_text_color=&#8220;#FFFFFF&#8220; content_font=&#8220;|||||on|||&#8220; content_text_align=&#8220;center&#8220; content_text_color=&#8220;#FFFFFF&#8220; subhead_font=&#8220;|700||on|||||&#8220; subhead_text_align=&#8220;center&#8220; subhead_text_color=&#8220;#FFFFFF&#8220; subhead_font_size=&#8220;16px&#8220; global_colors_info=&#8220;{}&#8220;][\/et_pb_fullwidth_header][\/et_pb_section][et_pb_section fb_built=&#8220;1&#8243; _builder_version=&#8220;4.11.3&#8243; _module_preset=&#8220;default&#8220; global_colors_info=&#8220;{}&#8220;][et_pb_row _builder_version=&#8220;4.11.3&#8243; _module_preset=&#8220;default&#8220; global_colors_info=&#8220;{}&#8220;][et_pb_column type=&#8220;4_4&#8243; _builder_version=&#8220;4.11.3&#8243; _module_preset=&#8220;default&#8220; global_colors_info=&#8220;{}&#8220;][et_pb_blurb title=&#8220;ACHTUNG!!! Ab der Session 2024\/25 ist die Anmeldungen nur noch \u00fcber unser Anmeldeportal m\u00f6glich.&#8220; admin_label=&#8220;Informationstext&#8220; _builder_version=&#8220;4.11.3&#8243; _module_preset=&#8220;default&#8220; header_font_size=&#8220;24px&#8220; body_text_align=&#8220;justify&#8220; body_font_size=&#8220;16px&#8220; background_color=&#8220;RGBA(0,0,0,0)&#8220; text_orientation=&#8220;center&#8220; custom_margin=&#8220;||40px||false|false&#8220; custom_padding=&#8220;20px|0px|20px|0px|true|true&#8220; animation_style=&#8220;zoom&#8220; border_width_all=&#8220;7px&#8220; border_color_all=&#8220;#E02B20&#8243; border_color_all_image=&#8220;#E02B20&#8243; global_colors_info=&#8220;{}&#8220;]<\/p>\n<p style=\"text-align: center;\">Mit Hilfe unseres neuen Anmeldeportals k\u00f6nnen alle Teilnehmer nun jederzeit den Status ihrer Anfrage einsehen und besser mit uns kommunzieren. Au\u00dferdem fragen wir jetzt vorab schon relevante Daten, wie z. B. die Bankverbindung f\u00fcr die R\u00fcckerstattung der Kaution, ab um Fehler bei der \u00dcbertragung zu vermeiden.<\/p>\n<p style=\"text-align: center;\">Das Anmeldeformular muss weiterhin ausgef\u00fcllt, unterschrieben und anschlie\u00dfend \u00fcber das Portal als Anhang hochgeladen werden.<\/p>\n<p style=\"text-align: center;\"><strong>Der Upload funktioniert leider nur mit iOS oder PC.<\/strong><\/p>\n<p>[\/et_pb_blurb][et_pb_cta title=&#8220;Anmeldeportal&#8220; button_url=&#8220;https:\/\/abschter-fosenoechter.atlassian.net\/servicedesk\/customer\/portal\/1&#8243; url_new_window=&#8220;on&#8220; button_text=&#8220;Hier geht&#8217;s zum Anmeldeportal&#8220; admin_label=&#8220;Handlungsaufruf&#8220; _builder_version=&#8220;4.11.3&#8243; _module_preset=&#8220;default&#8220; hover_enabled=&#8220;0&#8243; global_colors_info=&#8220;{}&#8220; sticky_enabled=&#8220;0&#8243;][\/et_pb_cta][et_pb_cta title=&#8220;Bei unserem Umzug teilnehmen?&#8220; button_url=&#8220;https:\/\/abschter-fosenoechter.de\/wp-content\/uploads\/2026\/01\/AF004_10-Anmeldung-zum-Faschingsumzug.pdf&#8220; url_new_window=&#8220;on&#8220; button_text=&#8220;Hier geht&#8217;s zum Anmeldeformular&#8220; _builder_version=&#8220;4.11.3&#8243; _module_preset=&#8220;default&#8220; hover_enabled=&#8220;0&#8243; global_colors_info=&#8220;{}&#8220; sticky_enabled=&#8220;0&#8243;][\/et_pb_cta][et_pb_cta title=&#8220;Richtlinien Umzug&#8220; button_url=&#8220;https:\/\/abschter-fosenoechter.de\/wp-content\/uploads\/2026\/01\/AF005_12-Richtlinien-zum-Faschingsumzug.pdf&#8220; url_new_window=&#8220;on&#8220; button_text=&#8220;Bitte beachtet unsere Regeln&#8220; _builder_version=&#8220;4.11.3&#8243; _module_preset=&#8220;default&#8220; hover_enabled=&#8220;0&#8243; global_colors_info=&#8220;{}&#8220; sticky_enabled=&#8220;0&#8243;][\/et_pb_cta][et_pb_cta title=&#8220;Mitglied werden?&#8220; button_url=&#8220;https:\/\/abschter-fosenoechter.de\/wp-content\/uploads\/2023\/01\/AF001_04-Mitgliedsantrag.pdf&#8220; url_new_window=&#8220;on&#8220; button_text=&#8220;Hier geht&#8217;s zum Mitgliedsantrag&#8220; _builder_version=&#8220;4.11.3&#8243; _module_preset=&#8220;default&#8220; global_colors_info=&#8220;{}&#8220;][\/et_pb_cta][\/et_pb_column][\/et_pb_row][\/et_pb_section]<\/p>\n","protected":false},"excerpt":{"rendered":"<p>Mit Hilfe unseres neuen Anmeldeportals k\u00f6nnen alle Teilnehmer nun jederzeit den Status ihrer Anfrage einsehen und besser mit uns kommunzieren. Au\u00dferdem fragen wir jetzt vorab schon relevante Daten, wie z. B. die Bankverbindung f\u00fcr die R\u00fcckerstattung der Kaution, ab um Fehler bei der \u00dcbertragung zu vermeiden. Das Anmeldeformular muss weiterhin ausgef\u00fcllt, unterschrieben und anschlie\u00dfend \u00fcber [&hellip;]<\/p>\n","protected":false},"author":1,"featured_media":0,"parent":0,"menu_order":0,"comment_status":"closed","ping_status":"closed","template":"","meta":{"_et_pb_use_builder":"on","_et_pb_old_content":"","_et_gb_content_width":"","footnotes":""},"class_list":["post-188","page","type-page","status-publish","hentry"],"_links":{"self":[{"href":"https:\/\/abschter-fosenoechter.de\/index.php?rest_route=\/wp\/v2\/pages\/188","targetHints":{"allow":["GET"]}}],"collection":[{"href":"https:\/\/abschter-fosenoechter.de\/index.php?rest_route=\/wp\/v2\/pages"}],"about":[{"href":"https:\/\/abschter-fosenoechter.de\/index.php?rest_route=\/wp\/v2\/types\/page"}],"author":[{"embeddable":true,"href":"https:\/\/abschter-fosenoechter.de\/index.php?rest_route=\/wp\/v2\/users\/1"}],"replies":[{"embeddable":true,"href":"https:\/\/abschter-fosenoechter.de\/index.php?rest_route=%2Fwp%2Fv2%2Fcomments&post=188"}],"version-history":[{"count":31,"href":"https:\/\/abschter-fosenoechter.de\/index.php?rest_route=\/wp\/v2\/pages\/188\/revisions"}],"predecessor-version":[{"id":386,"href":"https:\/\/abschter-fosenoechter.de\/index.php?rest_route=\/wp\/v2\/pages\/188\/revisions\/386"}],"wp:attachment":[{"href":"https:\/\/abschter-fosenoechter.de\/index.php?rest_route=%2Fwp%2Fv2%2Fmedia&parent=188"}],"curies":[{"name":"wp","href":"https:\/\/api.w.org\/{rel}","templated":true}]}}