{"id":18,"date":"2021-10-23T20:15:23","date_gmt":"2021-10-23T18:15:23","guid":{"rendered":"https:\/\/abschter-fosenoechter.de\/?page_id=18"},"modified":"2021-10-25T23:12:46","modified_gmt":"2021-10-25T21:12:46","slug":"verein","status":"publish","type":"page","link":"https:\/\/abschter-fosenoechter.de\/?page_id=18","title":{"rendered":"Verein"},"content":{"rendered":"<p>[et_pb_section fb_built=&#8220;1&#8243; fullwidth=&#8220;on&#8220; _builder_version=&#8220;4.11.3&#8243; _module_preset=&#8220;default&#8220; saved_tabs=&#8220;all&#8220; global_colors_info=&#8220;{}&#8220;][et_pb_fullwidth_header title=&#8220;Fr\u00f6hlich. Verr\u00fcckt. Modern.&#8220; subhead=&#8220;Das ist Fasching f\u00fcr jeden!&#8220; text_orientation=&#8220;center&#8220; _builder_version=&#8220;4.11.3&#8243; _module_preset=&#8220;default&#8220; title_font=&#8220;|700||on|||||&#8220; title_text_align=&#8220;center&#8220; title_text_color=&#8220;#FFFFFF&#8220; content_font=&#8220;|||||on|||&#8220; content_text_align=&#8220;center&#8220; content_text_color=&#8220;#FFFFFF&#8220; subhead_font=&#8220;|700||on|||||&#8220; subhead_text_align=&#8220;center&#8220; subhead_text_color=&#8220;#FFFFFF&#8220; subhead_font_size=&#8220;16px&#8220; global_colors_info=&#8220;{}&#8220;][\/et_pb_fullwidth_header][\/et_pb_section][et_pb_section fb_built=&#8220;1&#8243; fullwidth=&#8220;on&#8220; _builder_version=&#8220;4.11.3&#8243; _module_preset=&#8220;default&#8220; global_colors_info=&#8220;{}&#8220;][et_pb_fullwidth_image src=&#8220;https:\/\/abschter-fosenoechter.de\/wp-content\/uploads\/2021\/10\/Buehne-e1456489389126.jpg&#8220; title_text=&#8220;B\u00fchne-e1456489389126&#8243; _builder_version=&#8220;4.11.3&#8243; _module_preset=&#8220;default&#8220; global_colors_info=&#8220;{}&#8220;][\/et_pb_fullwidth_image][\/et_pb_section][et_pb_section fb_built=&#8220;1&#8243; _builder_version=&#8220;4.11.3&#8243; _module_preset=&#8220;default&#8220; background_color=&#8220;#2a559f&#8220; global_colors_info=&#8220;{}&#8220;][et_pb_row column_structure=&#8220;1_3,1_3,1_3&#8243; _builder_version=&#8220;4.11.3&#8243; _module_preset=&#8220;default&#8220; background_enable_color=&#8220;off&#8220; global_colors_info=&#8220;{}&#8220;][et_pb_column type=&#8220;1_3&#8243; _builder_version=&#8220;4.11.3&#8243; _module_preset=&#8220;default&#8220; global_colors_info=&#8220;{}&#8220;][et_pb_blurb title=&#8220;Vereinsgeschichte&#8220; _builder_version=&#8220;4.11.3&#8243; _module_preset=&#8220;default&#8220; header_font=&#8220;|700||on|||||&#8220; header_text_color=&#8220;#FFFFFF&#8220; header_font_size=&#8220;20px&#8220; body_text_color=&#8220;#FFFFFF&#8220; body_font_size=&#8220;16px&#8220; background_layout=&#8220;dark&#8220; module_alignment=&#8220;center&#8220; global_colors_info=&#8220;{}&#8220;]<\/p>\n<p>Lernen Sie uns kennen.<br \/>Von der Vereinsgr\u00fcndung bis heute.<\/p>\n<p>[\/et_pb_blurb][et_pb_button button_url=&#8220;@ET-DC@eyJkeW5hbWljIjp0cnVlLCJjb250ZW50IjoicG9zdF9saW5rX3VybF9wYWdlIiwic2V0dGluZ3MiOnsicG9zdF9pZCI6IjgwIn19@&#8220; button_text=&#8220;Weitere Infos&#8220; _builder_version=&#8220;4.11.3&#8243; _dynamic_attributes=&#8220;button_url&#8220; _module_preset=&#8220;default&#8220; custom_button=&#8220;on&#8220; button_text_size=&#8220;18px&#8220; button_text_color=&#8220;#FFFFFF&#8220; button_bg_color=&#8220;RGBA(0,0,0,0)&#8220; button_border_color=&#8220;#FFFFFF&#8220; hover_enabled=&#8220;0&#8243; global_colors_info=&#8220;{}&#8220; sticky_enabled=&#8220;0&#8243;][\/et_pb_button][\/et_pb_column][et_pb_column type=&#8220;1_3&#8243; _builder_version=&#8220;4.11.3&#8243; _module_preset=&#8220;default&#8220; global_colors_info=&#8220;{}&#8220;][et_pb_blurb title=&#8220;Die Vorstandschaft&#8220; _builder_version=&#8220;4.11.3&#8243; _module_preset=&#8220;default&#8220; header_font=&#8220;|700||on|||||&#8220; header_text_color=&#8220;#FFFFFF&#8220; header_font_size=&#8220;20px&#8220; body_text_color=&#8220;#FFFFFF&#8220; body_font_size=&#8220;16px&#8220; background_layout=&#8220;dark&#8220; module_alignment=&#8220;center&#8220; global_colors_info=&#8220;{}&#8220;]Vom Vorstand bis zum Elferrat.<br \/>\nWer steckt dahinter?[\/et_pb_blurb][et_pb_button button_url=&#8220;@ET-DC@eyJkeW5hbWljIjp0cnVlLCJjb250ZW50IjoicG9zdF9saW5rX3VybF9wYWdlIiwic2V0dGluZ3MiOnsicG9zdF9pZCI6IjE2OCJ9fQ==@&#8220; button_text=&#8220;Weitere Infos&#8220; _builder_version=&#8220;4.11.3&#8243; _dynamic_attributes=&#8220;button_url&#8220; _module_preset=&#8220;default&#8220; custom_button=&#8220;on&#8220; button_text_size=&#8220;18px&#8220; button_text_color=&#8220;#FFFFFF&#8220; button_bg_color=&#8220;RGBA(0,0,0,0)&#8220; button_border_color=&#8220;#FFFFFF&#8220; hover_enabled=&#8220;0&#8243; global_colors_info=&#8220;{}&#8220; sticky_enabled=&#8220;0&#8243;][\/et_pb_button][\/et_pb_column][et_pb_column type=&#8220;1_3&#8243; _builder_version=&#8220;4.11.3&#8243; _module_preset=&#8220;default&#8220; global_colors_info=&#8220;{}&#8220;][et_pb_blurb title=&#8220;Prinzenpaare&#8220; _builder_version=&#8220;4.11.3&#8243; _module_preset=&#8220;default&#8220; header_font=&#8220;|700||on|||||&#8220; header_text_color=&#8220;#FFFFFF&#8220; header_font_size=&#8220;20px&#8220; body_text_color=&#8220;#FFFFFF&#8220; body_font_size=&#8220;16px&#8220; background_layout=&#8220;dark&#8220; module_alignment=&#8220;center&#8220; global_colors_info=&#8220;{}&#8220;]Ein einmaliges Erlebnis.<br \/>\nWer schwang bislang das Zepter?[\/et_pb_blurb][et_pb_button button_url=&#8220;@ET-DC@eyJkeW5hbWljIjp0cnVlLCJjb250ZW50IjoicG9zdF9saW5rX3VybF9wYWdlIiwic2V0dGluZ3MiOnsicG9zdF9pZCI6Ijg0In19@&#8220; button_text=&#8220;Weitere Infos&#8220; _builder_version=&#8220;4.11.3&#8243; _dynamic_attributes=&#8220;button_url&#8220; _module_preset=&#8220;default&#8220; custom_button=&#8220;on&#8220; button_text_size=&#8220;18px&#8220; button_text_color=&#8220;#FFFFFF&#8220; button_bg_color=&#8220;RGBA(0,0,0,0)&#8220; button_border_color=&#8220;#FFFFFF&#8220; global_colors_info=&#8220;{}&#8220;][\/et_pb_button][\/et_pb_column][\/et_pb_row][\/et_pb_section]<\/p>\n","protected":false},"excerpt":{"rendered":"<p>Lernen Sie uns kennen.Von der Vereinsgr\u00fcndung bis heute.Vom Vorstand bis zum Elferrat. Wer steckt dahinter?Ein einmaliges Erlebnis. Wer schwang bislang das Zepter?<\/p>\n","protected":false},"author":1,"featured_media":0,"parent":0,"menu_order":0,"comment_status":"closed","ping_status":"closed","template":"","meta":{"_et_pb_use_builder":"on","_et_pb_old_content":"","_et_gb_content_width":"","footnotes":""},"class_list":["post-18","page","type-page","status-publish","hentry"],"_links":{"self":[{"href":"https:\/\/abschter-fosenoechter.de\/index.php?rest_route=\/wp\/v2\/pages\/18","targetHints":{"allow":["GET"]}}],"collection":[{"href":"https:\/\/abschter-fosenoechter.de\/index.php?rest_route=\/wp\/v2\/pages"}],"about":[{"href":"https:\/\/abschter-fosenoechter.de\/index.php?rest_route=\/wp\/v2\/types\/page"}],"author":[{"embeddable":true,"href":"https:\/\/abschter-fosenoechter.de\/index.php?rest_route=\/wp\/v2\/users\/1"}],"replies":[{"embeddable":true,"href":"https:\/\/abschter-fosenoechter.de\/index.php?rest_route=%2Fwp%2Fv2%2Fcomments&post=18"}],"version-history":[{"count":17,"href":"https:\/\/abschter-fosenoechter.de\/index.php?rest_route=\/wp\/v2\/pages\/18\/revisions"}],"predecessor-version":[{"id":171,"href":"https:\/\/abschter-fosenoechter.de\/index.php?rest_route=\/wp\/v2\/pages\/18\/revisions\/171"}],"wp:attachment":[{"href":"https:\/\/abschter-fosenoechter.de\/index.php?rest_route=%2Fwp%2Fv2%2Fmedia&parent=18"}],"curies":[{"name":"wp","href":"https:\/\/api.w.org\/{rel}","templated":true}]}}