{"id":168,"date":"2021-10-25T23:11:36","date_gmt":"2021-10-25T21:11:36","guid":{"rendered":"https:\/\/abschter-fosenoechter.de\/?page_id=168"},"modified":"2021-10-25T23:29:06","modified_gmt":"2021-10-25T21:29:06","slug":"vorstandschaft","status":"publish","type":"page","link":"https:\/\/abschter-fosenoechter.de\/?page_id=168","title":{"rendered":"Vorstandschaft"},"content":{"rendered":"<p>[et_pb_section fb_built=&#8220;1&#8243; fullwidth=&#8220;on&#8220; _builder_version=&#8220;4.11.3&#8243; _module_preset=&#8220;default&#8220; saved_tabs=&#8220;all&#8220; global_colors_info=&#8220;{}&#8220;][et_pb_fullwidth_header title=&#8220;Vorstandschaft&#8220; subhead=&#8220;Unsere Vereinsf\u00fchrung!&#8220; text_orientation=&#8220;center&#8220; _builder_version=&#8220;4.11.3&#8243; _module_preset=&#8220;default&#8220; title_font=&#8220;|700||on|||||&#8220; title_text_align=&#8220;center&#8220; title_text_color=&#8220;#FFFFFF&#8220; content_font=&#8220;|||||on|||&#8220; content_text_align=&#8220;center&#8220; content_text_color=&#8220;#FFFFFF&#8220; subhead_font=&#8220;|700||on|||||&#8220; subhead_text_align=&#8220;center&#8220; subhead_text_color=&#8220;#FFFFFF&#8220; subhead_font_size=&#8220;16px&#8220; global_colors_info=&#8220;{}&#8220;][\/et_pb_fullwidth_header][\/et_pb_section][et_pb_section fb_built=&#8220;1&#8243; _builder_version=&#8220;4.11.3&#8243; _module_preset=&#8220;default&#8220; global_colors_info=&#8220;{}&#8220;][et_pb_row _builder_version=&#8220;4.11.3&#8243; _module_preset=&#8220;default&#8220; global_colors_info=&#8220;{}&#8220;][et_pb_column type=&#8220;4_4&#8243; _builder_version=&#8220;4.11.3&#8243; _module_preset=&#8220;default&#8220; global_colors_info=&#8220;{}&#8220;][et_pb_code _builder_version=&#8220;4.11.3&#8243; _module_preset=&#8220;default&#8220; global_colors_info=&#8220;{}&#8220;]\n<table id=\"tablepress-1\" class=\"tablepress tablepress-id-1\">\n<tbody class=\"row-striping row-hover\">\n<tr class=\"row-1\">\n\t<td class=\"column-1\">1. Vorsitzender:<\/td><td class=\"column-2\">Sebastian Absch\u00fctz<\/td>\n<\/tr>\n<tr class=\"row-2\">\n\t<td class=\"column-1\">2. Vorsitzende:<\/td><td class=\"column-2\">Katharina Ditterich<\/td>\n<\/tr>\n<tr class=\"row-3\">\n\t<td class=\"column-1\">Kassier:<\/td><td class=\"column-2\">Lukas Irrgang<\/td>\n<\/tr>\n<tr class=\"row-4\">\n\t<td class=\"column-1\">Schriftf\u00fchrer:<\/td><td class=\"column-2\">Daniel Irrgang<\/td>\n<\/tr>\n<tr class=\"row-5\">\n\t<td class=\"column-1\">Sitzungspr\u00e4sident:<\/td><td class=\"column-2\">Florian Absch\u00fctz<\/td>\n<\/tr>\n<tr class=\"row-6\">\n\t<td class=\"column-1\">Beisitzer:<\/td><td class=\"column-2\">Christian Absch\u00fctz, David Absch\u00fctz, Michael Bohn, Florian Dietz, Jens Ditterich, Simon Gerner, Tobias Irrgang, Regina K\u00f6hler, Sven K\u00f6hler, Johannes Raab, Niklas Scheller<\/td>\n<\/tr>\n<\/tbody>\n<\/table>\n<!-- #tablepress-1 from cache -->[\/et_pb_code][\/et_pb_column][\/et_pb_row][\/et_pb_section]<\/p>\n","protected":false},"excerpt":{"rendered":"\n<table id=\"tablepress-1-no-2\" class=\"tablepress tablepress-id-1\">\n<tbody class=\"row-striping row-hover\">\n<tr class=\"row-1\">\n\t<td class=\"column-1\">1. Vorsitzender:<\/td><td class=\"column-2\">Sebastian Absch\u00fctz<\/td>\n<\/tr>\n<tr class=\"row-2\">\n\t<td class=\"column-1\">2. Vorsitzende:<\/td><td class=\"column-2\">Katharina Ditterich<\/td>\n<\/tr>\n<tr class=\"row-3\">\n\t<td class=\"column-1\">Kassier:<\/td><td class=\"column-2\">Lukas Irrgang<\/td>\n<\/tr>\n<tr class=\"row-4\">\n\t<td class=\"column-1\">Schriftf\u00fchrer:<\/td><td class=\"column-2\">Daniel Irrgang<\/td>\n<\/tr>\n<tr class=\"row-5\">\n\t<td class=\"column-1\">Sitzungspr\u00e4sident:<\/td><td class=\"column-2\">Florian Absch\u00fctz<\/td>\n<\/tr>\n<tr class=\"row-6\">\n\t<td class=\"column-1\">Beisitzer:<\/td><td class=\"column-2\">Christian Absch\u00fctz, David Absch\u00fctz, Michael Bohn, Florian Dietz, Jens Ditterich, Simon Gerner, Tobias Irrgang, Regina K\u00f6hler, Sven K\u00f6hler, Johannes Raab, Niklas Scheller<\/td>\n<\/tr>\n<\/tbody>\n<\/table>\n\n","protected":false},"author":1,"featured_media":0,"parent":18,"menu_order":0,"comment_status":"closed","ping_status":"closed","template":"","meta":{"_et_pb_use_builder":"on","_et_pb_old_content":"","_et_gb_content_width":"","footnotes":""},"class_list":["post-168","page","type-page","status-publish","hentry"],"_links":{"self":[{"href":"https:\/\/abschter-fosenoechter.de\/index.php?rest_route=\/wp\/v2\/pages\/168","targetHints":{"allow":["GET"]}}],"collection":[{"href":"https:\/\/abschter-fosenoechter.de\/index.php?rest_route=\/wp\/v2\/pages"}],"about":[{"href":"https:\/\/abschter-fosenoechter.de\/index.php?rest_route=\/wp\/v2\/types\/page"}],"author":[{"embeddable":true,"href":"https:\/\/abschter-fosenoechter.de\/index.php?rest_route=\/wp\/v2\/users\/1"}],"replies":[{"embeddable":true,"href":"https:\/\/abschter-fosenoechter.de\/index.php?rest_route=%2Fwp%2Fv2%2Fcomments&post=168"}],"version-history":[{"count":3,"href":"https:\/\/abschter-fosenoechter.de\/index.php?rest_route=\/wp\/v2\/pages\/168\/revisions"}],"predecessor-version":[{"id":181,"href":"https:\/\/abschter-fosenoechter.de\/index.php?rest_route=\/wp\/v2\/pages\/168\/revisions\/181"}],"up":[{"embeddable":true,"href":"https:\/\/abschter-fosenoechter.de\/index.php?rest_route=\/wp\/v2\/pages\/18"}],"wp:attachment":[{"href":"https:\/\/abschter-fosenoechter.de\/index.php?rest_route=%2Fwp%2Fv2%2Fmedia&parent=168"}],"curies":[{"name":"wp","href":"https:\/\/api.w.org\/{rel}","templated":true}]}}